{"id":72,"date":"2017-06-16T09:39:14","date_gmt":"2017-06-16T07:39:14","guid":{"rendered":"http:\/\/bretagne-resine.com\/resines\/?page_id=72"},"modified":"2018-04-24T11:09:12","modified_gmt":"2018-04-24T09:09:12","slug":"decoratives","status":"publish","type":"page","link":"https:\/\/bretagne-resine.com\/resines\/decoratives\/","title":{"rendered":"D\u00e9coratives"},"content":{"rendered":"<p>[et_pb_section bb_built=\u00a0\u00bb1&Prime; admin_label=\u00a0\u00bbsection\u00a0\u00bb fullwidth=\u00a0\u00bbon\u00a0\u00bb _builder_version=\u00a0\u00bb3.0.51&Prime; next_background_color=\u00a0\u00bb#3f3f3f\u00a0\u00bb][et_pb_fullwidth_slider admin_label=\u00a0\u00bbFullwidth Slider\u00a0\u00bb show_arrows=\u00a0\u00bboff\u00a0\u00bb show_pagination=\u00a0\u00bboff\u00a0\u00bb _builder_version=\u00a0\u00bb3.1.1&Prime; parallax=\u00a0\u00bbon\u00a0\u00bb box_shadow_blur=\u00a0\u00bb10px\u00a0\u00bb box_shadow_color=\u00a0\u00bbrgba(0,0,0,0.1)\u00a0\u00bb custom_padding=\u00a0\u00bb|||\u00a0\u00bb auto=\u00a0\u00bbon\u00a0\u00bb auto_ignore_hover=\u00a0\u00bbon\u00a0\u00bb][et_pb_slide use_bg_overlay=\u00a0\u00bboff\u00a0\u00bb use_text_overlay=\u00a0\u00bboff\u00a0\u00bb _builder_version=\u00a0\u00bb3.1.1&Prime; header_font=\u00a0\u00bb||||\u00a0\u00bb body_font=\u00a0\u00bb||||\u00a0\u00bb background_image=\u00a0\u00bbhttps:\/\/bretagne-resine.com\/resines\/wp-content\/uploads\/2017\/06\/resine-decorative-bretagne-resine8.jpg\u00a0\u00bb button_on_hover=\u00a0\u00bbon\u00a0\u00bb button_link=\u00a0\u00bb#\u00a0\u00bb background_color=\u00a0\u00bb#ffffff\u00a0\u00bb use_background_color_gradient=\u00a0\u00bboff\u00a0\u00bb background_color_gradient_start=\u00a0\u00bb#2b87da\u00a0\u00bb background_color_gradient_end=\u00a0\u00bb#29c4a9&Prime; background_color_gradient_type=\u00a0\u00bblinear\u00a0\u00bb background_color_gradient_direction=\u00a0\u00bb180deg\u00a0\u00bb background_color_gradient_direction_radial=\u00a0\u00bbcenter\u00a0\u00bb background_color_gradient_start_position=\u00a0\u00bb0%\u00a0\u00bb background_color_gradient_end_position=\u00a0\u00bb100%\u00a0\u00bb background_color_gradient_overlays_image=\u00a0\u00bboff\u00a0\u00bb parallax=\u00a0\u00bboff\u00a0\u00bb parallax_method=\u00a0\u00bbon\u00a0\u00bb background_size=\u00a0\u00bbcover\u00a0\u00bb background_position=\u00a0\u00bbcenter\u00a0\u00bb background_repeat=\u00a0\u00bbno-repeat\u00a0\u00bb background_blend=\u00a0\u00bbnormal\u00a0\u00bb allow_player_pause=\u00a0\u00bboff\u00a0\u00bb background_video_pause_outside_viewport=\u00a0\u00bbon\u00a0\u00bb text_border_radius=\u00a0\u00bb3&Prime; alignment=\u00a0\u00bbcenter\u00a0\u00bb child_filter_hue_rotate=\u00a0\u00bb0deg\u00a0\u00bb child_filter_saturate=\u00a0\u00bb100%\u00a0\u00bb child_filter_brightness=\u00a0\u00bb100%\u00a0\u00bb child_filter_contrast=\u00a0\u00bb100%\u00a0\u00bb child_filter_invert=\u00a0\u00bb0%\u00a0\u00bb child_filter_sepia=\u00a0\u00bb0%\u00a0\u00bb child_filter_opacity=\u00a0\u00bb100%\u00a0\u00bb child_filter_blur=\u00a0\u00bb0px\u00a0\u00bb child_mix_blend_mode=\u00a0\u00bbnormal\u00a0\u00bb background_layout=\u00a0\u00bbdark\u00a0\u00bb text_shadow_style=\u00a0\u00bbnone\u00a0\u00bb header_text_shadow_style=\u00a0\u00bbnone\u00a0\u00bb body_text_shadow_style=\u00a0\u00bbnone\u00a0\u00bb custom_button=\u00a0\u00bboff\u00a0\u00bb button_bg_use_color_gradient=\u00a0\u00bboff\u00a0\u00bb button_bg_color_gradient_overlays_image=\u00a0\u00bboff\u00a0\u00bb button_use_icon=\u00a0\u00bbon\u00a0\u00bb button_text_shadow_style=\u00a0\u00bbnone\u00a0\u00bb box_shadow_style_button=\u00a0\u00bbnone\u00a0\u00bb]<\/p>\n<h1 class=\"title_header\"><span style=\"font-weight: normal; font-family: 'Squada One';\"><em><strong>Bretagne R\u00e9sine<\/strong><\/em><\/span><\/h1>\n<h3 class=\"subtitle_header\"><em><span style=\"font-family: 'Squada One'; font-weight: normal;\"><strong>Pas \u00e0 pas des sols professionnels<\/strong><\/span><\/em><\/h3>\n<p>&nbsp;<\/p>\n<p><span style=\"font-family: Play;\"><strong>l \u00a0R\u00e9sines D\u00e9coratives \u00a0l<\/strong><\/span><\/p>\n<p>[\/et_pb_slide][et_pb_slide use_bg_overlay=\u00a0\u00bboff\u00a0\u00bb use_text_overlay=\u00a0\u00bboff\u00a0\u00bb _builder_version=\u00a0\u00bb3.1.1&Prime; header_font=\u00a0\u00bb||||\u00a0\u00bb body_font=\u00a0\u00bb||||\u00a0\u00bb background_image=\u00a0\u00bbhttps:\/\/bretagne-resine.com\/resines\/wp-content\/uploads\/2017\/06\/resine-decorative-bretagne-resine13.jpg\u00a0\u00bb button_icon_placement=\u00a0\u00bbright\u00a0\u00bb button_on_hover=\u00a0\u00bbon\u00a0\u00bb]<br \/>\n[\/et_pb_slide][\/et_pb_fullwidth_slider][\/et_pb_section][et_pb_section bb_built=\u00a0\u00bb1&Prime; _builder_version=\u00a0\u00bb3.0.51&Prime; background_color=\u00a0\u00bb#3f3f3f\u00a0\u00bb prev_background_color=\u00a0\u00bb#ffffff\u00a0\u00bb next_background_color=\u00a0\u00bb#f4f4f4&Prime;][et_pb_row make_fullwidth=\u00a0\u00bbon\u00a0\u00bb background_position_1=\u00a0\u00bbtop_left\u00a0\u00bb background_repeat_1=\u00a0\u00bbno-repeat\u00a0\u00bb _builder_version=\u00a0\u00bb3.0.51&Prime; background_size=\u00a0\u00bbinitial\u00a0\u00bb background_position=\u00a0\u00bbtop_left\u00a0\u00bb background_repeat=\u00a0\u00bbrepeat\u00a0\u00bb][et_pb_column type=\u00a0\u00bb4_4&Prime;][et_pb_text _builder_version=\u00a0\u00bb3.0.51&Prime; text_font=\u00a0\u00bbAbel||||\u00a0\u00bb border_width_all=\u00a0\u00bb0px\u00a0\u00bb border_color_all=\u00a0\u00bb#000000&Prime; border_style_all=\u00a0\u00bbsolid\u00a0\u00bb background_layout=\u00a0\u00bbdark\u00a0\u00bb custom_padding=\u00a0\u00bb30px|30px|30px|30px\u00a0\u00bb use_border_color=\u00a0\u00bbon\u00a0\u00bb border_color=\u00a0\u00bb#000000&Prime; inline_fonts=\u00a0\u00bbAbel\u00a0\u00bb]<\/p>\n<h3><span style=\"font-weight: normal; font-size: x-large;\">En int\u00e9rieur comme en ext\u00e9rieur les possibilit\u00e9s de r\u00e9aliser des rev\u00eatements d\u00e9coratifs sont multiples et tr\u00e8s vari\u00e9es.<\/span><\/h3>\n<h3><span style=\"font-weight: normal; font-size: x-large;\"> Nos syst\u00e8mes peuvent s&rsquo;appliquer sur des supports neufs ou existants. Nous acceptons les carrelages existants et les planchers chauffants. R\u00e9nover son sol sans le d\u00e9molir devient possible vu la faible \u00e9paisseur des r\u00e9sines.<\/span><\/h3>\n<p>[\/et_pb_text][\/et_pb_column][\/et_pb_row][\/et_pb_section][et_pb_section bb_built=\u00a0\u00bb1&Prime; _builder_version=\u00a0\u00bb3.0.51&Prime; background_color=\u00a0\u00bb#f4f4f4&Prime; prev_background_color=\u00a0\u00bb#3f3f3f\u00a0\u00bb][et_pb_row make_fullwidth=\u00a0\u00bbon\u00a0\u00bb background_position_1=\u00a0\u00bbtop_left\u00a0\u00bb background_repeat_1=\u00a0\u00bbno-repeat\u00a0\u00bb _builder_version=\u00a0\u00bb3.0.51&Prime; background_size=\u00a0\u00bbinitial\u00a0\u00bb background_position=\u00a0\u00bbtop_left\u00a0\u00bb background_repeat=\u00a0\u00bbrepeat\u00a0\u00bb][et_pb_column type=\u00a0\u00bb4_4&Prime;][et_pb_text _builder_version=\u00a0\u00bb3.0.51&Prime; text_font=\u00a0\u00bbAbel||||\u00a0\u00bb custom_padding=\u00a0\u00bb30px|30px|30px|30px\u00a0\u00bb]<\/p>\n<h3 style=\"text-align: left;\"><span style=\"color: #e04300;\"><strong>Nous retrouvons ainsi les syst\u00e8mes suivants :<\/strong><\/span><\/h3>\n<p>[\/et_pb_text][\/et_pb_column][\/et_pb_row][et_pb_row make_fullwidth=\u00a0\u00bbon\u00a0\u00bb background_position_1=\u00a0\u00bbtop_left\u00a0\u00bb background_position_2=\u00a0\u00bbtop_left\u00a0\u00bb background_repeat_1=\u00a0\u00bbno-repeat\u00a0\u00bb background_repeat_2=\u00a0\u00bbno-repeat\u00a0\u00bb _builder_version=\u00a0\u00bb3.0.51&Prime; background_size=\u00a0\u00bbinitial\u00a0\u00bb background_position=\u00a0\u00bbtop_left\u00a0\u00bb background_repeat=\u00a0\u00bbrepeat\u00a0\u00bb][et_pb_column type=\u00a0\u00bb1_2&Prime;][et_pb_text _builder_version=\u00a0\u00bb3.0.51&Prime; border_width_all=\u00a0\u00bb2px\u00a0\u00bb border_color_all=\u00a0\u00bb#e04300&Prime; border_style_all=\u00a0\u00bbsolid\u00a0\u00bb custom_padding=\u00a0\u00bb20px|20px|20px|20px\u00a0\u00bb use_border_color=\u00a0\u00bbon\u00a0\u00bb border_color=\u00a0\u00bb#e04300&Prime; border_width=\u00a0\u00bb2px\u00a0\u00bb border_style=\u00a0\u00bbsolid\u00a0\u00bb]<\/p>\n<h3 id=\"lien1\" style=\"text-align: center;\"><strong>R\u00e9sines autolissantes<\/strong><\/h3>\n<p>[\/et_pb_text][et_pb_text _builder_version=\u00a0\u00bb3.0.51&Prime; background_color=\u00a0\u00bb#3f3f3f\u00a0\u00bb background_layout=\u00a0\u00bbdark\u00a0\u00bb custom_margin=\u00a0\u00bb||-10px|\u00a0\u00bb custom_padding=\u00a0\u00bb30px|30px|30px|30px\u00a0\u00bb border_style=\u00a0\u00bbsolid\u00a0\u00bb inline_fonts=\u00a0\u00bbAbel\u00a0\u00bb]<\/p>\n<h4 style=\"text-align: center;\"><em style=\"font-size: 16px; font-family: Abel;\">r\u00e9sines \u00a0<\/em><span style=\"font-family: Abel; font-weight: normal; font-size: x-large;\">Traditionnelles<\/span><\/h4>\n<p>&nbsp;<\/p>\n<p>Ce type de rev\u00eatement est monochrome.<\/p>\n<p>Les combinaisons et am\u00e9nagements avec notamment d&rsquo;autres mat\u00e9riaux le rend tr\u00e8s attractif.<\/p>\n<p>Absence de joints et tr\u00e8s facile d&rsquo;entretien, ils apportent uniformit\u00e9 et sobri\u00e9t\u00e9 sur vos sols int\u00e9rieures.<\/p>\n<p>[\/et_pb_text][et_pb_gallery gallery_ids=\u00a0\u00bb461,368,357,362,1096,1098,1316,1336,1338,1339,1340,1347&Prime; fullwidth=\u00a0\u00bbon\u00a0\u00bb _builder_version=\u00a0\u00bb3.0.51&Prime; title_font_size=\u00a0\u00bb1&Prime; auto=\u00a0\u00bbon\u00a0\u00bb auto_speed=\u00a0\u00bb3000&Prime; border_style=\u00a0\u00bbsolid\u00a0\u00bb]<br \/>\n[\/et_pb_gallery][et_pb_text _builder_version=\u00a0\u00bb3.0.51&Prime; border_width_all=\u00a0\u00bb2px\u00a0\u00bb border_color_all=\u00a0\u00bb#e04300&Prime; border_style_all=\u00a0\u00bbsolid\u00a0\u00bb custom_margin=\u00a0\u00bb60px|||\u00a0\u00bb custom_padding=\u00a0\u00bb20px|20px|20px|20px\u00a0\u00bb use_border_color=\u00a0\u00bbon\u00a0\u00bb border_color=\u00a0\u00bb#e04300&Prime; border_width=\u00a0\u00bb2px\u00a0\u00bb]<\/p>\n<h3 style=\"text-align: center;\"><strong>R\u00e9sines semi-lisses ou quartz color<\/strong><\/h3>\n<p>[\/et_pb_text][et_pb_text _builder_version=\u00a0\u00bb3.0.51&Prime; background_color=\u00a0\u00bb#3f3f3f\u00a0\u00bb background_layout=\u00a0\u00bbdark\u00a0\u00bb custom_margin=\u00a0\u00bb||-10px|\u00a0\u00bb custom_padding=\u00a0\u00bb60px|30px|30px|30px\u00a0\u00bb]<\/p>\n<p style=\"text-align: center;\"><span style=\"color: rgba(255, 255, 255, 0);\">_____________________________________________________<\/span><\/p>\n<p>Ces complexes multicouches sont destin\u00e9s autant en int\u00e9rieur qu&rsquo;en ext\u00e9rieur. Les silices les quartz utilis\u00e9s apportent au rev\u00eatement une surface plus ou moins structur\u00e9 et antid\u00e9rapante suivant le bouche porage effectu\u00e9.<\/p>\n<p>Ces syst\u00e8mes sont des mortier de r\u00e9sine d\u00e9coratif monochrome ou laissant apparaitre des sable extra-siliceux color\u00e9s uniformes ou dans un m\u00e9lange bicolore ou tricolore d\u00e9j\u00e0 nuanc\u00e9. Vous pouvez \u00e9galement choisir vos m\u00e9langes selon vos go\u00fbts et vos besoins.<\/p>\n<p style=\"text-align: center;\"><span style=\"color: #3f3f3f;\">_____________________________________________________<\/span><\/p>\n<p>[\/et_pb_text][et_pb_gallery gallery_ids=\u00a0\u00bb284,459&Prime; fullwidth=\u00a0\u00bbon\u00a0\u00bb _builder_version=\u00a0\u00bb3.0.51&Prime; auto=\u00a0\u00bbon\u00a0\u00bb auto_speed=\u00a0\u00bb3000&Prime; border_style=\u00a0\u00bbsolid\u00a0\u00bb]<br \/>\n[\/et_pb_gallery][\/et_pb_column][et_pb_column type=\u00a0\u00bb1_2&Prime;][et_pb_text _builder_version=\u00a0\u00bb3.0.51&Prime; border_width_all=\u00a0\u00bb2px\u00a0\u00bb border_color_all=\u00a0\u00bb#f4f4f4&Prime; border_style_all=\u00a0\u00bbsolid\u00a0\u00bb custom_padding=\u00a0\u00bb20px|20px|20px|20px\u00a0\u00bb use_border_color=\u00a0\u00bbon\u00a0\u00bb border_color=\u00a0\u00bb#f4f4f4&Prime; border_width=\u00a0\u00bb2px\u00a0\u00bb border_style=\u00a0\u00bbsolid\u00a0\u00bb]<\/p>\n<h3><span style=\"color: #f4f4f4;\">R\u00e9sines autolissantes<\/span><\/h3>\n<p>[\/et_pb_text][et_pb_text _builder_version=\u00a0\u00bb3.0.51&Prime; background_color=\u00a0\u00bb#3f3f3f\u00a0\u00bb background_layout=\u00a0\u00bbdark\u00a0\u00bb custom_margin=\u00a0\u00bb||-10px|\u00a0\u00bb custom_padding=\u00a0\u00bb30px|30px|30px|30px\u00a0\u00bb inline_fonts=\u00a0\u00bbAbel\u00a0\u00bb]<\/p>\n<h4 style=\"text-align: center;\"><span style=\"font-family: Abel; font-weight: normal; font-size: x-large;\"><span style=\"font-size: medium;\"><em>r\u00e9sines\u00a0<\/em><\/span>\u00a0A effets ou artistiques<\/span><\/h4>\n<p>&nbsp;<\/p>\n<p>Ces r\u00e9sines sont uniques par par les possibilit\u00e9s qui sont si nombreuses et personnelles. Sa mise en \u0153uvre manuelle vous offre un sol unique en son genre. Nous travaillons en \u00e9troite collaboration avec vous pour d\u00e9terminer le r\u00e9sultat souhait\u00e9 par des pr\u00e9sentations, \u00e9chantillonnages et photo montage. Votre accompagnement lors de la r\u00e9alisation nous est favorable pour mieux vous satisfaire.<\/p>\n<p>[\/et_pb_text][et_pb_gallery gallery_ids=\u00a0\u00bb226,227,228,231,229,280,941,942&Prime; fullwidth=\u00a0\u00bbon\u00a0\u00bb _builder_version=\u00a0\u00bb3.0.51&Prime; auto=\u00a0\u00bbon\u00a0\u00bb auto_speed=\u00a0\u00bb3000&Prime; border_style=\u00a0\u00bbsolid\u00a0\u00bb]<br \/>\n[\/et_pb_gallery][et_pb_text _builder_version=\u00a0\u00bb3.0.51&Prime; border_width_all=\u00a0\u00bb2px\u00a0\u00bb border_color_all=\u00a0\u00bb#e04300&Prime; border_style_all=\u00a0\u00bbsolid\u00a0\u00bb custom_margin=\u00a0\u00bb60px|||\u00a0\u00bb custom_padding=\u00a0\u00bb20px|20px|20px|20px\u00a0\u00bb use_border_color=\u00a0\u00bbon\u00a0\u00bb border_color=\u00a0\u00bb#e04300&Prime; border_width=\u00a0\u00bb2px\u00a0\u00bb]<\/p>\n<h3 style=\"text-align: center;\"><strong>Moquettes de pierre<\/strong><\/h3>\n<p>[\/et_pb_text][et_pb_text _builder_version=\u00a0\u00bb3.0.51&Prime; background_color=\u00a0\u00bb#3f3f3f\u00a0\u00bb background_layout=\u00a0\u00bbdark\u00a0\u00bb custom_margin=\u00a0\u00bb||-10px|\u00a0\u00bb custom_padding=\u00a0\u00bb30px|30px|30px|30px\u00a0\u00bb]<\/p>\n<p>Destin\u00e9 pour l&rsquo;int\u00e9rieur comme l&rsquo;ext\u00e9rieur les sols en moquette de pierre sont constitu\u00e9s d&rsquo;agr\u00e9gats de marbre naturel roul\u00e9s m\u00e9lang\u00e9 avec des r\u00e9sines polyur\u00e9thanes aliphatiques.<\/p>\n<p><span style=\"font-size: 14px;\">Les avantages ind\u00e9niables de ce type de rev\u00eatement sont :<\/span><\/p>\n<ul>\n<li>Un esth\u00e9tique naturel incomparable<\/li>\n<li><span style=\"font-size: 14px; background-color: #3f3f3f;\">Permet de r\u00e9gularis\u00e9 les supports d\u00e9form\u00e9s<\/span><\/li>\n<li><span style=\"font-size: 14px; background-color: #3f3f3f;\">Ne se rayent et ne se tachent pas<\/span><\/li>\n<li><span style=\"font-size: 14px; background-color: #3f3f3f;\">Ininflammable et ne craint pas le gel<\/span><\/li>\n<li><span style=\"font-size: 14px; background-color: #3f3f3f;\">Drainant ou imperm\u00e9able<\/span><\/li>\n<li><span style=\"font-size: 14px; background-color: #3f3f3f;\">Tr\u00e8s bonne r\u00e9sistance au trafic, aux chocs, aux intemp\u00e9ries, \u00e0 l&rsquo;abrasion, aux acides et aux bases.<\/span><\/li>\n<li><span style=\"font-size: 14px; background-color: #3f3f3f;\">\u00c9paisseur minimale de 6 mm<\/span><\/li>\n<li><span style=\"font-size: 14px; background-color: #3f3f3f;\">Pouvant \u00eatre mise en oeuvre sur une couche de forme \u00e0 partir de 3 cm<\/span><\/li>\n<\/ul>\n<p><strong style=\"color: #e04300; font-size: 14px;\">Possibilit\u00e9s de d\u00e9coration infini<\/strong><\/p>\n<p>[\/et_pb_text][et_pb_gallery gallery_ids=\u00a0\u00bb286,458,457,456,944,945,946,947,948,951,952,955,956,957,1280,1281,1282,1284,1308,1333&Prime; fullwidth=\u00a0\u00bbon\u00a0\u00bb _builder_version=\u00a0\u00bb3.0.51&Prime; auto=\u00a0\u00bbon\u00a0\u00bb auto_speed=\u00a0\u00bb3000&Prime; border_style=\u00a0\u00bbsolid\u00a0\u00bb]<br \/>\n[\/et_pb_gallery][\/et_pb_column][\/et_pb_row][\/et_pb_section]<\/p>\n","protected":false},"excerpt":{"rendered":"<p>Bretagne R\u00e9sine Pas \u00e0 pas des sols professionnels &nbsp; l \u00a0R\u00e9sines D\u00e9coratives \u00a0l En int\u00e9rieur comme en ext\u00e9rieur les possibilit\u00e9s de r\u00e9aliser des rev\u00eatements d\u00e9coratifs sont multiples et tr\u00e8s vari\u00e9es. Nos syst\u00e8mes peuvent s&rsquo;appliquer sur des supports neufs ou existants. Nous acceptons les carrelages existants et les planchers chauffants. R\u00e9nover son sol sans le d\u00e9molir [&hellip;]<\/p>\n","protected":false},"author":1,"featured_media":0,"parent":0,"menu_order":0,"comment_status":"closed","ping_status":"closed","template":"","meta":{"_et_pb_use_builder":"on","_et_pb_old_content":"","_et_gb_content_width":"","footnotes":""},"class_list":["post-72","page","type-page","status-publish","hentry"],"_links":{"self":[{"href":"https:\/\/bretagne-resine.com\/resines\/wp-json\/wp\/v2\/pages\/72","targetHints":{"allow":["GET"]}}],"collection":[{"href":"https:\/\/bretagne-resine.com\/resines\/wp-json\/wp\/v2\/pages"}],"about":[{"href":"https:\/\/bretagne-resine.com\/resines\/wp-json\/wp\/v2\/types\/page"}],"author":[{"embeddable":true,"href":"https:\/\/bretagne-resine.com\/resines\/wp-json\/wp\/v2\/users\/1"}],"replies":[{"embeddable":true,"href":"https:\/\/bretagne-resine.com\/resines\/wp-json\/wp\/v2\/comments?post=72"}],"version-history":[{"count":144,"href":"https:\/\/bretagne-resine.com\/resines\/wp-json\/wp\/v2\/pages\/72\/revisions"}],"predecessor-version":[{"id":1454,"href":"https:\/\/bretagne-resine.com\/resines\/wp-json\/wp\/v2\/pages\/72\/revisions\/1454"}],"wp:attachment":[{"href":"https:\/\/bretagne-resine.com\/resines\/wp-json\/wp\/v2\/media?parent=72"}],"curies":[{"name":"wp","href":"https:\/\/api.w.org\/{rel}","templated":true}]}}