{"id":63,"date":"2017-06-16T09:37:17","date_gmt":"2017-06-16T07:37:17","guid":{"rendered":"http:\/\/bretagne-resine.com\/resines\/?page_id=63"},"modified":"2017-12-21T10:11:07","modified_gmt":"2017-12-21T09:11:07","slug":"resines","status":"publish","type":"page","link":"https:\/\/bretagne-resine.com\/resines\/resines\/","title":{"rendered":"R\u00e9sines"},"content":{"rendered":"<p>[et_pb_section bb_built=\u00a0\u00bb1&Prime; admin_label=\u00a0\u00bbsection\u00a0\u00bb fullwidth=\u00a0\u00bbon\u00a0\u00bb _builder_version=\u00a0\u00bb3.0.47&Prime;][et_pb_fullwidth_slider admin_label=\u00a0\u00bbFullwidth Slider\u00a0\u00bb show_arrows=\u00a0\u00bboff\u00a0\u00bb show_pagination=\u00a0\u00bboff\u00a0\u00bb parallax=\u00a0\u00bbon\u00a0\u00bb _builder_version=\u00a0\u00bb3.0.51&Prime; parallax_method=\u00a0\u00bboff\u00a0\u00bb remove_inner_shadow=\u00a0\u00bboff\u00a0\u00bb custom_button=\u00a0\u00bboff\u00a0\u00bb button_letter_spacing=\u00a0\u00bb0&Prime; button_icon_placement=\u00a0\u00bbright\u00a0\u00bb button_letter_spacing_hover=\u00a0\u00bb0&Prime; auto=\u00a0\u00bboff\u00a0\u00bb auto_ignore_hover=\u00a0\u00bboff\u00a0\u00bb hide_content_on_mobile=\u00a0\u00bboff\u00a0\u00bb hide_cta_on_mobile=\u00a0\u00bboff\u00a0\u00bb show_image_video_mobile=\u00a0\u00bboff\u00a0\u00bb] [et_pb_slide background_image=\u00a0\u00bbhttps:\/\/bretagne-resine.com\/resines\/wp-content\/uploads\/2017\/06\/beton-cire-bretagne-resines4.jpg\u00a0\u00bb parallax=\u00a0\u00bbon\u00a0\u00bb parallax_method=\u00a0\u00bboff\u00a0\u00bb background_color=\u00a0\u00bb#dddddd\u00a0\u00bb use_bg_overlay=\u00a0\u00bboff\u00a0\u00bb use_text_overlay=\u00a0\u00bboff\u00a0\u00bb _builder_version=\u00a0\u00bb3.0.47&Prime; header_font=\u00a0\u00bb||||\u00a0\u00bb body_font=\u00a0\u00bb||||\u00a0\u00bb custom_button=\u00a0\u00bboff\u00a0\u00bb button_icon_placement=\u00a0\u00bbright\u00a0\u00bb button_on_hover=\u00a0\u00bbon\u00a0\u00bb inline_fonts=\u00a0\u00bbSquada One\u00a0\u00bb use_background_color_gradient=\u00a0\u00bboff\u00a0\u00bb background_color_gradient_start=\u00a0\u00bb#2b87da\u00a0\u00bb background_color_gradient_end=\u00a0\u00bb#29c4a9&Prime; background_color_gradient_type=\u00a0\u00bblinear\u00a0\u00bb background_color_gradient_direction=\u00a0\u00bb180deg\u00a0\u00bb background_color_gradient_direction_radial=\u00a0\u00bbcenter\u00a0\u00bb background_color_gradient_start_position=\u00a0\u00bb0%\u00a0\u00bb background_color_gradient_end_position=\u00a0\u00bb100%\u00a0\u00bb background_position=\u00a0\u00bbcenter\u00a0\u00bb background_size=\u00a0\u00bbcover\u00a0\u00bb background_repeat=\u00a0\u00bbno-repeat\u00a0\u00bb background_blend=\u00a0\u00bbnormal\u00a0\u00bb allow_player_pause=\u00a0\u00bboff\u00a0\u00bb text_border_radius=\u00a0\u00bb3&Prime; alignment=\u00a0\u00bbcenter\u00a0\u00bb background_layout=\u00a0\u00bbdark\u00a0\u00bb header_font_select=\u00a0\u00bbdefault\u00a0\u00bb body_font_select=\u00a0\u00bbdefault\u00a0\u00bb button_font_select=\u00a0\u00bbdefault\u00a0\u00bb button_font=\u00a0\u00bb||||\u00a0\u00bb button_use_icon=\u00a0\u00bbdefault\u00a0\u00bb]<\/p>\n<h1 class=\"title_header\"><em><span style=\"font-family: 'Squada One'; font-weight: normal;\"><strong>Bretagne R\u00e9sine<\/strong><\/span><\/em><\/h1>\n<h3 class=\"subtitle_header\"><em><span style=\"font-family: 'Squada One'; font-weight: normal;\"><strong>Pas \u00e0 pas des sols professionnels<\/strong><\/span><\/em><\/h3>\n<p>[\/et_pb_slide] [\/et_pb_fullwidth_slider][\/et_pb_section][et_pb_section bb_built=\u00a0\u00bb1&Prime; admin_label=\u00a0\u00bbsection\u00a0\u00bb background_color=\u00a0\u00bb#ea973f\u00a0\u00bb _builder_version=\u00a0\u00bb3.0.51&Prime;][et_pb_row admin_label=\u00a0\u00bbrow\u00a0\u00bb make_fullwidth=\u00a0\u00bbon\u00a0\u00bb background_position_1=\u00a0\u00bbtop_left\u00a0\u00bb background_repeat_1=\u00a0\u00bbno-repeat\u00a0\u00bb _builder_version=\u00a0\u00bb3.0.51&Prime;][et_pb_column type=\u00a0\u00bb4_4&Prime;][et_pb_text admin_label=\u00a0\u00bbTexte\u00a0\u00bb _builder_version=\u00a0\u00bb3.0.51&Prime; inline_fonts=\u00a0\u00bbAbel\u00a0\u00bb]<\/p>\n<h1 style=\"text-align: center;\"><span style=\"color: #ffffff; font-size: xx-large;\"><strong><span style=\"font-family: Abel;\">Qu&rsquo;est-ce que la r\u00e9sine?<\/span><\/strong><\/span><\/h1>\n<p>[\/et_pb_text][\/et_pb_column][\/et_pb_row][\/et_pb_section][et_pb_section bb_built=\u00a0\u00bb1&Prime; admin_label=\u00a0\u00bbSection\u00a0\u00bb background_color=\u00a0\u00bb#e8e8e8&Prime; _builder_version=\u00a0\u00bb3.0.51&Prime;][et_pb_row admin_label=\u00a0\u00bbLigne\u00a0\u00bb make_fullwidth=\u00a0\u00bbon\u00a0\u00bb background_position_1=\u00a0\u00bbtop_left\u00a0\u00bb background_position_2=\u00a0\u00bbtop_left\u00a0\u00bb background_repeat_1=\u00a0\u00bbno-repeat\u00a0\u00bb background_repeat_2=\u00a0\u00bbno-repeat\u00a0\u00bb _builder_version=\u00a0\u00bb3.0.51&Prime; background_image=\u00a0\u00bbhttps:\/\/bretagne-resine.com\/resines\/wp-content\/uploads\/2017\/06\/Arri\u00e8re-plan-transparent-ouvrier-pager\u00e9sine-e1497859578207.jpg\u00a0\u00bb background_size=\u00a0\u00bbinitial\u00a0\u00bb background_position=\u00a0\u00bbtop_left\u00a0\u00bb background_repeat=\u00a0\u00bbrepeat\u00a0\u00bb][et_pb_column type=\u00a0\u00bb1_2&Prime;][et_pb_text admin_label=\u00a0\u00bbTexte\u00a0\u00bb _builder_version=\u00a0\u00bb3.0.51&Prime; use_border_color=\u00a0\u00bbon\u00a0\u00bb border_color=\u00a0\u00bb#ea973f\u00a0\u00bb custom_margin=\u00a0\u00bb20px|||\u00a0\u00bb custom_padding=\u00a0\u00bb30px|30px|30px|30px\u00a0\u00bb background_layout=\u00a0\u00bblight\u00a0\u00bb text_orientation=\u00a0\u00bbleft\u00a0\u00bb border_style=\u00a0\u00bbsolid\u00a0\u00bb]<\/p>\n<p>Ce sont des rev\u00eatements de sol en r\u00e9sine synth\u00e9tique destin\u00e9s pour l\u2019int\u00e9rieur et l&rsquo;ext\u00e9rieur. Utilis\u00e9s en neuf ou en r\u00e9novation, les syst\u00e8mes offrent de nombreuses applications possibles. Nous appliquons aupr\u00e8s des <strong>professionnelles<\/strong> et des <strong>particuliers<\/strong>.<\/p>\n<p>Les grandes familles de produits sont des r\u00e9sines \u00e9poxys, polyur\u00e9thanes, m\u00e9thacrylates et polyur\u00e9thane-ciments.<\/p>\n<p>[\/et_pb_text][\/et_pb_column][et_pb_column type=\u00a0\u00bb1_2&Prime;][et_pb_image admin_label=\u00a0\u00bbImage\u00a0\u00bb src=\u00a0\u00bbhttps:\/\/bretagne-resine.com\/resines\/wp-content\/uploads\/2017\/06\/haut-page-r\u00e9sine2.png\u00a0\u00bb align=\u00a0\u00bbcenter\u00a0\u00bb _builder_version=\u00a0\u00bb3.0.51&Prime; \/][\/et_pb_column][\/et_pb_row][\/et_pb_section][et_pb_section bb_built=\u00a0\u00bb1&Prime; admin_label=\u00a0\u00bbSection\u00a0\u00bb background_color=\u00a0\u00bb#f7f7f7&Prime; _builder_version=\u00a0\u00bb3.0.51&Prime;][et_pb_row admin_label=\u00a0\u00bbLigne\u00a0\u00bb make_fullwidth=\u00a0\u00bbon\u00a0\u00bb background_position_1=\u00a0\u00bbtop_left\u00a0\u00bb background_position_2=\u00a0\u00bbtop_left\u00a0\u00bb background_repeat_1=\u00a0\u00bbno-repeat\u00a0\u00bb background_repeat_2=\u00a0\u00bbno-repeat\u00a0\u00bb _builder_version=\u00a0\u00bb3.0.51&Prime; background_size=\u00a0\u00bbinitial\u00a0\u00bb background_position=\u00a0\u00bbtop_left\u00a0\u00bb background_repeat=\u00a0\u00bbrepeat\u00a0\u00bb][et_pb_column type=\u00a0\u00bb4_4&Prime;][et_pb_text admin_label=\u00a0\u00bbTexte\u00a0\u00bb _builder_version=\u00a0\u00bb3.0.51&Prime; text_line_height=\u00a0\u00bb1.6em\u00a0\u00bb custom_margin=\u00a0\u00bb||50px|\u00a0\u00bb]<\/p>\n<p>Les \u00e9paisseurs sont variables selon les syst\u00e8mes. On distingue globalement les films minces, les sol coul\u00e9s et les complexes multi-couches.<br \/>\nLes finitions sont multiples et selon le r\u00e9sultat recherch\u00e9 on obtient des finitions lisses, semi-lisses ou anti-glissantes.<br \/>\nSuivant le type de rev\u00eatement, nos surfaces sont soient imperm\u00e9ables, \u00e9tanches ou drainantes.<\/p>\n<p>[\/et_pb_text][\/et_pb_column][\/et_pb_row][\/et_pb_section][et_pb_section bb_built=\u00a0\u00bb1&Prime; admin_label=\u00a0\u00bbSection\u00a0\u00bb background_color=\u00a0\u00bb#ea973f\u00a0\u00bb _builder_version=\u00a0\u00bb3.0.51&Prime;][et_pb_row admin_label=\u00a0\u00bbLigne\u00a0\u00bb make_fullwidth=\u00a0\u00bbon\u00a0\u00bb background_position_1=\u00a0\u00bbtop_left\u00a0\u00bb background_repeat_1=\u00a0\u00bbno-repeat\u00a0\u00bb _builder_version=\u00a0\u00bb3.0.51&Prime; background_size=\u00a0\u00bbinitial\u00a0\u00bb background_position=\u00a0\u00bbtop_left\u00a0\u00bb background_repeat=\u00a0\u00bbrepeat\u00a0\u00bb][et_pb_column type=\u00a0\u00bb4_4&Prime;][et_pb_text admin_label=\u00a0\u00bbTexte\u00a0\u00bb _builder_version=\u00a0\u00bb3.0.51&Prime; inline_fonts=\u00a0\u00bbAbel\u00a0\u00bb]<\/p>\n<h1 style=\"text-align: center;\"><span style=\"color: #ffffff; font-size: xx-large;\"><strong><span style=\"font-family: Abel;\">Pourquoi choisir un sol r\u00e9sine ?<\/span><\/strong><\/span><\/h1>\n<p>[\/et_pb_text][\/et_pb_column][\/et_pb_row][\/et_pb_section][et_pb_section bb_built=\u00a0\u00bb1&Prime; admin_label=\u00a0\u00bbSection\u00a0\u00bb background_color=\u00a0\u00bb#f7f7f7&Prime; _builder_version=\u00a0\u00bb3.0.51&Prime;][et_pb_row admin_label=\u00a0\u00bbLigne\u00a0\u00bb make_fullwidth=\u00a0\u00bbon\u00a0\u00bb background_position_1=\u00a0\u00bbtop_left\u00a0\u00bb background_position_2=\u00a0\u00bbtop_left\u00a0\u00bb background_repeat_1=\u00a0\u00bbno-repeat\u00a0\u00bb background_repeat_2=\u00a0\u00bbno-repeat\u00a0\u00bb _builder_version=\u00a0\u00bb3.0.51&Prime; background_size=\u00a0\u00bbinitial\u00a0\u00bb background_position=\u00a0\u00bbtop_left\u00a0\u00bb background_repeat=\u00a0\u00bbrepeat\u00a0\u00bb][et_pb_column type=\u00a0\u00bb4_4&Prime;][et_pb_text admin_label=\u00a0\u00bbTexte\u00a0\u00bb _builder_version=\u00a0\u00bb3.0.51&Prime; text_line_height=\u00a0\u00bb1.6em\u00a0\u00bb custom_margin=\u00a0\u00bb||50px|\u00a0\u00bb]<\/p>\n<div id=\"content\">De part sa faible \u00e9paisseur, permet de rectifier les d\u00e9fauts de surface, teint\u00e9 dans la masse, tr\u00e8s grande r\u00e9sistance m\u00e9canique et chimique, absence de joints, &#8230;<\/div>\n<div><\/div>\n<p>[\/et_pb_text][et_pb_text admin_label=\u00a0\u00bbTexte\u00a0\u00bb _builder_version=\u00a0\u00bb3.0.51&Prime; background_color=\u00a0\u00bb#e0e0e0&Prime; custom_padding=\u00a0\u00bb30px|30px|30px|30px\u00a0\u00bb inline_fonts=\u00a0\u00bbAbel\u00a0\u00bb]<\/p>\n<h5><span style=\"color: #ea973f; font-family: Abel; font-weight: normal; font-size: x-large;\">NOS DOMAINES:<\/span>\u00a0 \u00a0 \u00a0 \u00a0 \u00a0 \u00a0 \u00a0 \u00a0 \u00a0 \u00a0 \u00a0 \u00a0 \u00a0 \u00a0 \u00a0<a href=\"https:\/\/bretagne-resine.com\/resines\/decoratives\/\">D\u00e9coratif \u00a0 \u00a0<\/a><a href=\"https:\/\/bretagne-resine.com\/resines\/industrielles\/\">Industrie \u00a0\u00a0<\/a><a href=\"https:\/\/bretagne-resine.com\/resines\/sportives\/\">Sportif \u00a0\u00a0<\/a><a href=\"https:\/\/bretagne-resine.com\/resines\/techniques\/\">Technique<\/a><\/h5>\n<p>[\/et_pb_text][\/et_pb_column][\/et_pb_row][\/et_pb_section]<\/p>\n","protected":false},"excerpt":{"rendered":"<p>Bretagne R\u00e9sine Pas \u00e0 pas des sols professionnels Qu&rsquo;est-ce que la r\u00e9sine? Ce sont des rev\u00eatements de sol en r\u00e9sine synth\u00e9tique destin\u00e9s pour l\u2019int\u00e9rieur et l&rsquo;ext\u00e9rieur. Utilis\u00e9s en neuf ou en r\u00e9novation, les syst\u00e8mes offrent de nombreuses applications possibles. Nous appliquons aupr\u00e8s des professionnelles et des particuliers. Les grandes familles de produits sont des r\u00e9sines [&hellip;]<\/p>\n","protected":false},"author":1,"featured_media":0,"parent":0,"menu_order":0,"comment_status":"closed","ping_status":"closed","template":"","meta":{"_et_pb_use_builder":"on","_et_pb_old_content":"","_et_gb_content_width":"","footnotes":""},"class_list":["post-63","page","type-page","status-publish","hentry"],"_links":{"self":[{"href":"https:\/\/bretagne-resine.com\/resines\/wp-json\/wp\/v2\/pages\/63","targetHints":{"allow":["GET"]}}],"collection":[{"href":"https:\/\/bretagne-resine.com\/resines\/wp-json\/wp\/v2\/pages"}],"about":[{"href":"https:\/\/bretagne-resine.com\/resines\/wp-json\/wp\/v2\/types\/page"}],"author":[{"embeddable":true,"href":"https:\/\/bretagne-resine.com\/resines\/wp-json\/wp\/v2\/users\/1"}],"replies":[{"embeddable":true,"href":"https:\/\/bretagne-resine.com\/resines\/wp-json\/wp\/v2\/comments?post=63"}],"version-history":[{"count":67,"href":"https:\/\/bretagne-resine.com\/resines\/wp-json\/wp\/v2\/pages\/63\/revisions"}],"predecessor-version":[{"id":1260,"href":"https:\/\/bretagne-resine.com\/resines\/wp-json\/wp\/v2\/pages\/63\/revisions\/1260"}],"wp:attachment":[{"href":"https:\/\/bretagne-resine.com\/resines\/wp-json\/wp\/v2\/media?parent=63"}],"curies":[{"name":"wp","href":"https:\/\/api.w.org\/{rel}","templated":true}]}}