{"id":78,"date":"2017-06-16T09:39:54","date_gmt":"2017-06-16T07:39:54","guid":{"rendered":"http:\/\/bretagne-resine.com\/resines\/?page_id=78"},"modified":"2017-12-21T14:46:03","modified_gmt":"2017-12-21T13:46:03","slug":"techniques","status":"publish","type":"page","link":"http:\/\/bretagne-resine.com\/resines\/techniques\/","title":{"rendered":"Techniques"},"content":{"rendered":"<p>[et_pb_section bb_built=\u00a0\u00bb1&Prime; admin_label=\u00a0\u00bbsection\u00a0\u00bb background_color=\u00a0\u00bb#3f3f3f\u00a0\u00bb _builder_version=\u00a0\u00bb3.0.51&Prime;][et_pb_row admin_label=\u00a0\u00bbrow\u00a0\u00bb make_fullwidth=\u00a0\u00bbon\u00a0\u00bb background_position_1=\u00a0\u00bbtop_left\u00a0\u00bb background_repeat_1=\u00a0\u00bbno-repeat\u00a0\u00bb _builder_version=\u00a0\u00bb3.0.51&Prime; background_size=\u00a0\u00bbinitial\u00a0\u00bb background_position=\u00a0\u00bbtop_left\u00a0\u00bb background_repeat=\u00a0\u00bbrepeat\u00a0\u00bb][et_pb_column type=\u00a0\u00bb4_4&Prime;][et_pb_text admin_label=\u00a0\u00bbTexte\u00a0\u00bb background_layout=\u00a0\u00bbdark\u00a0\u00bb _builder_version=\u00a0\u00bb3.0.51&Prime; use_border_color=\u00a0\u00bbon\u00a0\u00bb border_color=\u00a0\u00bb#000000&Prime; custom_padding=\u00a0\u00bb30px|30px|30px|30px\u00a0\u00bb inline_fonts=\u00a0\u00bbPlay\u00a0\u00bb]<\/p>\n<h4 style=\"text-align: center;\"><span style=\"font-family: Play;\"><strong>l \u00a0R\u00e9sines Techniques \u00a0l<\/strong><\/span><\/h4>\n<p>&nbsp;<\/p>\n<h3><span style=\"font-family: Abel; font-weight: normal;\"> La diversit\u00e9 des produits \u00e0 base de r\u00e9sine et leurs atouts techniques, nous permet de vous proposer des solutions adapt\u00e9s dans les domaines suivants : <\/span><\/h3>\n<p>&nbsp;<\/p>\n<p>[\/et_pb_text][\/et_pb_column][\/et_pb_row][\/et_pb_section][et_pb_section bb_built=\u00a0\u00bb1&Prime; admin_label=\u00a0\u00bbSection\u00a0\u00bb fullwidth=\u00a0\u00bbon\u00a0\u00bb specialty=\u00a0\u00bboff\u00a0\u00bb][et_pb_fullwidth_slider admin_label=\u00a0\u00bbCurseur de d\u00e9filement plein \u00e9cran\u00a0\u00bb _builder_version=\u00a0\u00bb3.0.51&Prime; show_arrows=\u00a0\u00bbon\u00a0\u00bb show_pagination=\u00a0\u00bbon\u00a0\u00bb parallax=\u00a0\u00bboff\u00a0\u00bb parallax_method=\u00a0\u00bboff\u00a0\u00bb remove_inner_shadow=\u00a0\u00bboff\u00a0\u00bb custom_button=\u00a0\u00bboff\u00a0\u00bb button_letter_spacing=\u00a0\u00bb0&Prime; button_icon_placement=\u00a0\u00bbright\u00a0\u00bb button_letter_spacing_hover=\u00a0\u00bb0&Prime; auto=\u00a0\u00bbon\u00a0\u00bb auto_ignore_hover=\u00a0\u00bbon\u00a0\u00bb hide_content_on_mobile=\u00a0\u00bboff\u00a0\u00bb hide_cta_on_mobile=\u00a0\u00bboff\u00a0\u00bb show_image_video_mobile=\u00a0\u00bboff\u00a0\u00bb auto_speed=\u00a0\u00bb7000&Prime;] [et_pb_slide background_color=\u00a0\u00bb#ffffff\u00a0\u00bb use_background_color_gradient=\u00a0\u00bboff\u00a0\u00bb background_color_gradient_start=\u00a0\u00bb#2b87da\u00a0\u00bb background_color_gradient_end=\u00a0\u00bb#29c4a9&Prime; background_color_gradient_type=\u00a0\u00bblinear\u00a0\u00bb background_color_gradient_direction=\u00a0\u00bb180deg\u00a0\u00bb background_color_gradient_direction_radial=\u00a0\u00bbcenter\u00a0\u00bb background_color_gradient_start_position=\u00a0\u00bb0%\u00a0\u00bb background_color_gradient_end_position=\u00a0\u00bb100%\u00a0\u00bb background_image=\u00a0\u00bbhttps:\/\/bretagne-resine.com\/resines\/wp-content\/uploads\/2017\/06\/20161124_203228.jpg\u00a0\u00bb parallax=\u00a0\u00bboff\u00a0\u00bb parallax_method=\u00a0\u00bboff\u00a0\u00bb background_position=\u00a0\u00bbcenter\u00a0\u00bb background_size=\u00a0\u00bbcover\u00a0\u00bb background_repeat=\u00a0\u00bbno-repeat\u00a0\u00bb background_blend=\u00a0\u00bbnormal\u00a0\u00bb allow_player_pause=\u00a0\u00bboff\u00a0\u00bb use_bg_overlay=\u00a0\u00bboff\u00a0\u00bb use_text_overlay=\u00a0\u00bboff\u00a0\u00bb text_border_radius=\u00a0\u00bb3&Prime; alignment=\u00a0\u00bbcenter\u00a0\u00bb background_layout=\u00a0\u00bbdark\u00a0\u00bb header_font_select=\u00a0\u00bbdefault\u00a0\u00bb header_font=\u00a0\u00bb||||\u00a0\u00bb body_font_select=\u00a0\u00bbdefault\u00a0\u00bb body_font=\u00a0\u00bb||||\u00a0\u00bb custom_button=\u00a0\u00bboff\u00a0\u00bb button_font_select=\u00a0\u00bbdefault\u00a0\u00bb button_font=\u00a0\u00bb||||\u00a0\u00bb button_use_icon=\u00a0\u00bbdefault\u00a0\u00bb button_icon_placement=\u00a0\u00bbright\u00a0\u00bb button_on_hover=\u00a0\u00bbon\u00a0\u00bb \/][et_pb_slide background_color=\u00a0\u00bb#ffffff\u00a0\u00bb use_background_color_gradient=\u00a0\u00bboff\u00a0\u00bb background_color_gradient_start=\u00a0\u00bb#2b87da\u00a0\u00bb background_color_gradient_end=\u00a0\u00bb#29c4a9&Prime; background_color_gradient_type=\u00a0\u00bblinear\u00a0\u00bb background_color_gradient_direction=\u00a0\u00bb180deg\u00a0\u00bb background_color_gradient_direction_radial=\u00a0\u00bbcenter\u00a0\u00bb background_color_gradient_start_position=\u00a0\u00bb0%\u00a0\u00bb background_color_gradient_end_position=\u00a0\u00bb100%\u00a0\u00bb background_image=\u00a0\u00bbhttps:\/\/bretagne-resine.com\/resines\/wp-content\/uploads\/2017\/06\/resines-techniques-bretagne-resine.jpg\u00a0\u00bb parallax=\u00a0\u00bboff\u00a0\u00bb parallax_method=\u00a0\u00bboff\u00a0\u00bb background_position=\u00a0\u00bbcenter\u00a0\u00bb background_size=\u00a0\u00bbcover\u00a0\u00bb background_repeat=\u00a0\u00bbno-repeat\u00a0\u00bb background_blend=\u00a0\u00bbnormal\u00a0\u00bb allow_player_pause=\u00a0\u00bboff\u00a0\u00bb use_bg_overlay=\u00a0\u00bboff\u00a0\u00bb use_text_overlay=\u00a0\u00bboff\u00a0\u00bb text_border_radius=\u00a0\u00bb3&Prime; alignment=\u00a0\u00bbcenter\u00a0\u00bb background_layout=\u00a0\u00bbdark\u00a0\u00bb header_font_select=\u00a0\u00bbdefault\u00a0\u00bb header_font=\u00a0\u00bb||||\u00a0\u00bb body_font_select=\u00a0\u00bbdefault\u00a0\u00bb body_font=\u00a0\u00bb||||\u00a0\u00bb custom_button=\u00a0\u00bboff\u00a0\u00bb button_font_select=\u00a0\u00bbdefault\u00a0\u00bb button_font=\u00a0\u00bb||||\u00a0\u00bb button_use_icon=\u00a0\u00bbdefault\u00a0\u00bb button_icon_placement=\u00a0\u00bbright\u00a0\u00bb button_on_hover=\u00a0\u00bbon\u00a0\u00bb \/][et_pb_slide background_color=\u00a0\u00bb#ffffff\u00a0\u00bb use_background_color_gradient=\u00a0\u00bboff\u00a0\u00bb background_color_gradient_start=\u00a0\u00bb#2b87da\u00a0\u00bb background_color_gradient_end=\u00a0\u00bb#29c4a9&Prime; background_color_gradient_type=\u00a0\u00bblinear\u00a0\u00bb background_color_gradient_direction=\u00a0\u00bb180deg\u00a0\u00bb background_color_gradient_direction_radial=\u00a0\u00bbcenter\u00a0\u00bb background_color_gradient_start_position=\u00a0\u00bb0%\u00a0\u00bb background_color_gradient_end_position=\u00a0\u00bb100%\u00a0\u00bb background_image=\u00a0\u00bbhttps:\/\/bretagne-resine.com\/resines\/wp-content\/uploads\/2017\/06\/20161124_202000.jpg\u00a0\u00bb parallax=\u00a0\u00bboff\u00a0\u00bb parallax_method=\u00a0\u00bboff\u00a0\u00bb background_position=\u00a0\u00bbcenter\u00a0\u00bb background_size=\u00a0\u00bbcover\u00a0\u00bb background_repeat=\u00a0\u00bbno-repeat\u00a0\u00bb background_blend=\u00a0\u00bbnormal\u00a0\u00bb allow_player_pause=\u00a0\u00bboff\u00a0\u00bb use_bg_overlay=\u00a0\u00bboff\u00a0\u00bb use_text_overlay=\u00a0\u00bboff\u00a0\u00bb text_border_radius=\u00a0\u00bb3&Prime; alignment=\u00a0\u00bbcenter\u00a0\u00bb background_layout=\u00a0\u00bbdark\u00a0\u00bb header_font_select=\u00a0\u00bbdefault\u00a0\u00bb header_font=\u00a0\u00bb||||\u00a0\u00bb body_font_select=\u00a0\u00bbdefault\u00a0\u00bb body_font=\u00a0\u00bb||||\u00a0\u00bb custom_button=\u00a0\u00bboff\u00a0\u00bb button_font_select=\u00a0\u00bbdefault\u00a0\u00bb button_font=\u00a0\u00bb||||\u00a0\u00bb button_use_icon=\u00a0\u00bbdefault\u00a0\u00bb button_icon_placement=\u00a0\u00bbright\u00a0\u00bb button_on_hover=\u00a0\u00bbon\u00a0\u00bb \/] [\/et_pb_fullwidth_slider][\/et_pb_section][et_pb_section bb_built=\u00a0\u00bb1&Prime; admin_label=\u00a0\u00bbSection\u00a0\u00bb _builder_version=\u00a0\u00bb3.0.47&Prime;][et_pb_row admin_label=\u00a0\u00bbLigne\u00a0\u00bb make_fullwidth=\u00a0\u00bbon\u00a0\u00bb background_position_1=\u00a0\u00bbtop_left\u00a0\u00bb background_position_2=\u00a0\u00bbtop_left\u00a0\u00bb background_position_3=\u00a0\u00bbtop_left\u00a0\u00bb background_repeat_1=\u00a0\u00bbno-repeat\u00a0\u00bb background_repeat_2=\u00a0\u00bbno-repeat\u00a0\u00bb background_repeat_3=\u00a0\u00bbno-repeat\u00a0\u00bb _builder_version=\u00a0\u00bb3.0.51&Prime; background_size=\u00a0\u00bbinitial\u00a0\u00bb background_position=\u00a0\u00bbtop_left\u00a0\u00bb background_repeat=\u00a0\u00bbrepeat\u00a0\u00bb][et_pb_column type=\u00a0\u00bb1_3&Prime;][et_pb_text admin_label=\u00a0\u00bbTexte\u00a0\u00bb _builder_version=\u00a0\u00bb3.0.51&Prime; use_border_color=\u00a0\u00bbon\u00a0\u00bb border_color=\u00a0\u00bb#ea973f\u00a0\u00bb custom_padding=\u00a0\u00bb20px|20px|20px|20px\u00a0\u00bb inline_fonts=\u00a0\u00bbAbel\u00a0\u00bb]<\/p>\n<h3 style=\"text-align: center;\"><span style=\"font-family: Abel; font-weight: normal;\"><strong>\u00c9tanch\u00e9it\u00e9 <\/strong><\/span><\/h3>\n<p>[\/et_pb_text][et_pb_text admin_label=\u00a0\u00bbTexte\u00a0\u00bb _builder_version=\u00a0\u00bb3.0.51&Prime; custom_padding=\u00a0\u00bb20px|20px|20px|20px\u00a0\u00bb]<\/p>\n<p>L&#8217;emploi des Syst\u00e8mes d\u2019\u00c9tanch\u00e9it\u00e9 Liquide S.E.L. demande une grande technicit\u00e9 surtout dans le traitement des points singuliers. Nous disposons de diff\u00e9rents syst\u00e8mes soit filmog\u00e8nes ou avec une membrane. Leurs emplois sont possibles en int\u00e9rieur et en ext\u00e9rieur avec des finitions d\u00e9coratives.<\/p>\n<p>Nous disposons \u00e9galement de solutions techniques en terme de cuvelage soit par min\u00e9ralisation, des mortiers de r\u00e9sine, des syst\u00e8mes multicouches \u00e0 base de r\u00e9sine.<\/p>\n<p>[\/et_pb_text][\/et_pb_column][et_pb_column type=\u00a0\u00bb1_3&Prime;][et_pb_text admin_label=\u00a0\u00bbTexte\u00a0\u00bb _builder_version=\u00a0\u00bb3.0.51&Prime; use_border_color=\u00a0\u00bbon\u00a0\u00bb border_color=\u00a0\u00bb#ea973f\u00a0\u00bb custom_padding=\u00a0\u00bb20px|20px|20px|20px\u00a0\u00bb inline_fonts=\u00a0\u00bbAbel\u00a0\u00bb]<\/p>\n<h3 style=\"text-align: center;\"><span style=\"font-family: Abel; font-weight: normal;\"><strong>Mortier de r\u00e9paration<\/strong><\/span><\/h3>\n<p>[\/et_pb_text][et_pb_text admin_label=\u00a0\u00bbTexte\u00a0\u00bb _builder_version=\u00a0\u00bb3.0.51&Prime; custom_padding=\u00a0\u00bb20px|20px|20px|20px\u00a0\u00bb] Les sols suivant l&rsquo;usage, la structure et la v\u00e9tust\u00e9 sont amen\u00e9s \u00e0 s&rsquo;user. De nombreuses solutions en r\u00e9paration sont possibles selon les conditions, l&rsquo;environnement et la remise en service du support. Un examen sur site est fortement conseill\u00e9 pour juger le bon syst\u00e8me \u00e0 employer. [\/et_pb_text][\/et_pb_column][et_pb_column type=\u00a0\u00bb1_3&Prime;][et_pb_text admin_label=\u00a0\u00bbTexte\u00a0\u00bb _builder_version=\u00a0\u00bb3.0.51&Prime; use_border_color=\u00a0\u00bbon\u00a0\u00bb border_color=\u00a0\u00bb#ea973f\u00a0\u00bb custom_padding=\u00a0\u00bb20px|20px|20px|20px\u00a0\u00bb inline_fonts=\u00a0\u00bbAbel\u00a0\u00bb]<\/p>\n<h3 style=\"text-align: center;\"><span style=\"font-family: Abel; font-weight: normal;\"><strong>Rev\u00eatement anti-corrosion<\/strong><\/span><\/h3>\n<p>[\/et_pb_text][et_pb_text admin_label=\u00a0\u00bbTexte\u00a0\u00bb _builder_version=\u00a0\u00bb3.0.51&Prime; custom_padding=\u00a0\u00bb20px|20px|20px|20px\u00a0\u00bb] Les attaques chimiques sont tr\u00e8s destructrices sur la majorit\u00e9 des sols r\u00e9sines non pr\u00e9vu \u00e0 cet effet. Suivant vos contraintes, nous pouvons vous proposer des syst\u00e8mes \u00e0 base d&rsquo;\u00e9poxys, polyur\u00e9thanes, m\u00e9tacrylates ou polyur\u00e9thane-ciment adapt\u00e9s. Selon vos activit\u00e9s et les r\u00e9sistances recherch\u00e9es nous sommes en mesure de vous orient\u00e9 sur un rev\u00eatement de sol ad\u00e9quat. [\/et_pb_text][\/et_pb_column][\/et_pb_row][\/et_pb_section]<\/p>\n","protected":false},"excerpt":{"rendered":"<p>l \u00a0R\u00e9sines Techniques \u00a0l &nbsp; La diversit\u00e9 des produits \u00e0 base de r\u00e9sine et leurs atouts techniques, nous permet de vous proposer des solutions adapt\u00e9s dans les domaines suivants : &nbsp; \u00c9tanch\u00e9it\u00e9 L&#8217;emploi des Syst\u00e8mes d\u2019\u00c9tanch\u00e9it\u00e9 Liquide S.E.L. demande une grande technicit\u00e9 surtout dans le traitement des points singuliers. Nous disposons de diff\u00e9rents syst\u00e8mes soit [&hellip;]<\/p>\n","protected":false},"author":1,"featured_media":0,"parent":0,"menu_order":0,"comment_status":"closed","ping_status":"closed","template":"","meta":{"_et_pb_use_builder":"on","_et_pb_old_content":"","_et_gb_content_width":"","footnotes":""},"class_list":["post-78","page","type-page","status-publish","hentry"],"_links":{"self":[{"href":"http:\/\/bretagne-resine.com\/resines\/wp-json\/wp\/v2\/pages\/78","targetHints":{"allow":["GET"]}}],"collection":[{"href":"http:\/\/bretagne-resine.com\/resines\/wp-json\/wp\/v2\/pages"}],"about":[{"href":"http:\/\/bretagne-resine.com\/resines\/wp-json\/wp\/v2\/types\/page"}],"author":[{"embeddable":true,"href":"http:\/\/bretagne-resine.com\/resines\/wp-json\/wp\/v2\/users\/1"}],"replies":[{"embeddable":true,"href":"http:\/\/bretagne-resine.com\/resines\/wp-json\/wp\/v2\/comments?post=78"}],"version-history":[{"count":15,"href":"http:\/\/bretagne-resine.com\/resines\/wp-json\/wp\/v2\/pages\/78\/revisions"}],"predecessor-version":[{"id":1352,"href":"http:\/\/bretagne-resine.com\/resines\/wp-json\/wp\/v2\/pages\/78\/revisions\/1352"}],"wp:attachment":[{"href":"http:\/\/bretagne-resine.com\/resines\/wp-json\/wp\/v2\/media?parent=78"}],"curies":[{"name":"wp","href":"https:\/\/api.w.org\/{rel}","templated":true}]}}